{"id":82,"date":"2025-09-04T23:32:43","date_gmt":"2025-09-04T23:32:43","guid":{"rendered":"https:\/\/davidlfarner.com\/?page_id=82"},"modified":"2025-09-08T11:08:17","modified_gmt":"2025-09-08T11:08:17","slug":"ki-content-note","status":"publish","type":"page","link":"https:\/\/davidlfarner.com\/en\/ki-content-note\/","title":{"rendered":"AI content note"},"content":{"rendered":"<p>All content on this website, including images and texts, is created exclusively by the owner or comes from royalty-free sources approved for commercial use. No content generated by artificial intelligence is published, with the exception of the legal texts for the privacy policy and the legal notice provided by erecht24.de. The copyright for these texts lies with erecht24.de.<\/p>\n<p>All other texts, images, and graphics on this website are subject to the copyright of David L. Farner.<\/p>","protected":false},"excerpt":{"rendered":"<p>Alle Inhalte dieser Website, einschlie\u00dflich Bilder und Texte, werden ausschlie\u00dflich vom Inhaber erstellt oder stammen aus lizenzfreien Quellen, die f\u00fcr [&hellip;]<\/p>","protected":false},"author":1,"featured_media":0,"parent":0,"menu_order":0,"comment_status":"closed","ping_status":"closed","template":"","meta":{"site-sidebar-layout":"default","site-content-layout":"","ast-site-content-layout":"default","site-content-style":"default","site-sidebar-style":"default","ast-global-header-display":"","ast-banner-title-visibility":"","ast-main-header-display":"","ast-hfb-above-header-display":"","ast-hfb-below-header-display":"","ast-hfb-mobile-header-display":"","site-post-title":"","ast-breadcrumbs-content":"","ast-featured-img":"","footer-sml-layout":"","theme-transparent-header-meta":"","adv-header-id-meta":"","stick-header-meta":"","header-above-stick-meta":"","header-main-stick-meta":"","header-below-stick-meta":"","astra-migrate-meta-layouts":"default","ast-page-background-enabled":"default","ast-page-background-meta":{"desktop":{"background-color":"var(--ast-global-color-5)","background-image":"","background-repeat":"repeat","background-position":"center center","background-size":"auto","background-attachment":"scroll","background-type":"","background-media":"","overlay-type":"","overlay-color":"","overlay-opacity":"","overlay-gradient":""},"tablet":{"background-color":"","background-image":"","background-repeat":"repeat","background-position":"center center","background-size":"auto","background-attachment":"scroll","background-type":"","background-media":"","overlay-type":"","overlay-color":"","overlay-opacity":"","overlay-gradient":""},"mobile":{"background-color":"","background-image":"","background-repeat":"repeat","background-position":"center center","background-size":"auto","background-attachment":"scroll","background-type":"","background-media":"","overlay-type":"","overlay-color":"","overlay-opacity":"","overlay-gradient":""}},"ast-content-background-meta":{"desktop":{"background-color":"var(--ast-global-color-4)","background-image":"","background-repeat":"repeat","background-position":"center center","background-size":"auto","background-attachment":"scroll","background-type":"","background-media":"","overlay-type":"","overlay-color":"","overlay-opacity":"","overlay-gradient":""},"tablet":{"background-color":"var(--ast-global-color-4)","background-image":"","background-repeat":"repeat","background-position":"center center","background-size":"auto","background-attachment":"scroll","background-type":"","background-media":"","overlay-type":"","overlay-color":"","overlay-opacity":"","overlay-gradient":""},"mobile":{"background-color":"var(--ast-global-color-4)","background-image":"","background-repeat":"repeat","background-position":"center center","background-size":"auto","background-attachment":"scroll","background-type":"","background-media":"","overlay-type":"","overlay-color":"","overlay-opacity":"","overlay-gradient":""}},"iawp_total_views":28,"footnotes":""},"class_list":["post-82","page","type-page","status-publish","hentry"],"yoast_head":"<!-- This site is optimized with the Yoast SEO plugin v26.1.1 - https:\/\/yoast.com\/wordpress\/plugins\/seo\/ -->\n<title>KI-Inhalte - David L. Farner<\/title>\n<meta name=\"robots\" content=\"index, follow, max-snippet:-1, max-image-preview:large, max-video-preview:-1\" \/>\n<link rel=\"canonical\" href=\"https:\/\/davidlfarner.com\/en\/ki-content-note\/\" \/>\n<meta property=\"og:locale\" content=\"en_US\" \/>\n<meta property=\"og:type\" content=\"article\" \/>\n<meta property=\"og:title\" content=\"KI-Inhalte - David L. Farner\" \/>\n<meta property=\"og:description\" content=\"Alle Inhalte dieser Website, einschlie\u00dflich Bilder und Texte, werden ausschlie\u00dflich vom Inhaber erstellt oder stammen aus lizenzfreien Quellen, die f\u00fcr [&hellip;]\" \/>\n<meta property=\"og:url\" content=\"https:\/\/davidlfarner.com\/en\/ki-content-note\/\" \/>\n<meta property=\"og:site_name\" content=\"David L. Farner\" \/>\n<meta property=\"article:modified_time\" content=\"2025-09-08T11:08:17+00:00\" \/>\n<meta name=\"twitter:card\" content=\"summary_large_image\" \/>\n<meta name=\"twitter:label1\" content=\"Est. reading time\" \/>\n\t<meta name=\"twitter:data1\" content=\"1 minute\" \/>\n<script type=\"application\/ld+json\" class=\"yoast-schema-graph\">{\"@context\":\"https:\/\/schema.org\",\"@graph\":[{\"@type\":\"WebPage\",\"@id\":\"https:\/\/davidlfarner.com\/ki-content-note\/\",\"url\":\"https:\/\/davidlfarner.com\/ki-content-note\/\",\"name\":\"KI-Inhalte - David L. Farner\",\"isPartOf\":{\"@id\":\"https:\/\/davidlfarner.com\/#website\"},\"datePublished\":\"2025-09-04T23:32:43+00:00\",\"dateModified\":\"2025-09-08T11:08:17+00:00\",\"inLanguage\":\"en-US\",\"potentialAction\":[{\"@type\":\"ReadAction\",\"target\":[\"https:\/\/davidlfarner.com\/ki-content-note\/\"]}]},{\"@type\":\"WebSite\",\"@id\":\"https:\/\/davidlfarner.com\/#website\",\"url\":\"https:\/\/davidlfarner.com\/\",\"name\":\"David L. Farner\",\"description\":\"\",\"potentialAction\":[{\"@type\":\"SearchAction\",\"target\":{\"@type\":\"EntryPoint\",\"urlTemplate\":\"https:\/\/davidlfarner.com\/?s={search_term_string}\"},\"query-input\":{\"@type\":\"PropertyValueSpecification\",\"valueRequired\":true,\"valueName\":\"search_term_string\"}}],\"inLanguage\":\"en-US\"}]}<\/script>\n<!-- \/ Yoast SEO plugin. -->","yoast_head_json":{"title":"KI-Inhalte - David L. Farner","robots":{"index":"index","follow":"follow","max-snippet":"max-snippet:-1","max-image-preview":"max-image-preview:large","max-video-preview":"max-video-preview:-1"},"canonical":"https:\/\/davidlfarner.com\/en\/ki-content-note\/","og_locale":"en_US","og_type":"article","og_title":"KI-Inhalte - David L. Farner","og_description":"Alle Inhalte dieser Website, einschlie\u00dflich Bilder und Texte, werden ausschlie\u00dflich vom Inhaber erstellt oder stammen aus lizenzfreien Quellen, die f\u00fcr [&hellip;]","og_url":"https:\/\/davidlfarner.com\/en\/ki-content-note\/","og_site_name":"David L. Farner","article_modified_time":"2025-09-08T11:08:17+00:00","twitter_card":"summary_large_image","twitter_misc":{"Est. reading time":"1 minute"},"schema":{"@context":"https:\/\/schema.org","@graph":[{"@type":"WebPage","@id":"https:\/\/davidlfarner.com\/ki-content-note\/","url":"https:\/\/davidlfarner.com\/ki-content-note\/","name":"KI-Inhalte - David L. Farner","isPartOf":{"@id":"https:\/\/davidlfarner.com\/#website"},"datePublished":"2025-09-04T23:32:43+00:00","dateModified":"2025-09-08T11:08:17+00:00","inLanguage":"en-US","potentialAction":[{"@type":"ReadAction","target":["https:\/\/davidlfarner.com\/ki-content-note\/"]}]},{"@type":"WebSite","@id":"https:\/\/davidlfarner.com\/#website","url":"https:\/\/davidlfarner.com\/","name":"David L. Farner","description":"","potentialAction":[{"@type":"SearchAction","target":{"@type":"EntryPoint","urlTemplate":"https:\/\/davidlfarner.com\/?s={search_term_string}"},"query-input":{"@type":"PropertyValueSpecification","valueRequired":true,"valueName":"search_term_string"}}],"inLanguage":"en-US"}]}},"_links":{"self":[{"href":"https:\/\/davidlfarner.com\/en\/wp-json\/wp\/v2\/pages\/82","targetHints":{"allow":["GET"]}}],"collection":[{"href":"https:\/\/davidlfarner.com\/en\/wp-json\/wp\/v2\/pages"}],"about":[{"href":"https:\/\/davidlfarner.com\/en\/wp-json\/wp\/v2\/types\/page"}],"author":[{"embeddable":true,"href":"https:\/\/davidlfarner.com\/en\/wp-json\/wp\/v2\/users\/1"}],"replies":[{"embeddable":true,"href":"https:\/\/davidlfarner.com\/en\/wp-json\/wp\/v2\/comments?post=82"}],"version-history":[{"count":9,"href":"https:\/\/davidlfarner.com\/en\/wp-json\/wp\/v2\/pages\/82\/revisions"}],"predecessor-version":[{"id":378,"href":"https:\/\/davidlfarner.com\/en\/wp-json\/wp\/v2\/pages\/82\/revisions\/378"}],"wp:attachment":[{"href":"https:\/\/davidlfarner.com\/en\/wp-json\/wp\/v2\/media?parent=82"}],"curies":[{"name":"wp","href":"https:\/\/api.w.org\/{rel}","templated":true}]}}