{"id":12,"date":"2025-09-04T13:19:29","date_gmt":"2025-09-04T13:19:29","guid":{"rendered":"http:\/\/davidlfarner.com\/?page_id=12"},"modified":"2025-10-06T17:07:56","modified_gmt":"2025-10-06T17:07:56","slug":"ueber-mich","status":"publish","type":"page","link":"https:\/\/davidlfarner.com\/en\/ueber-mich\/","title":{"rendered":"\u00dcber mich"},"content":{"rendered":"<p>Hey, I\u2019m David, a self-publishing author who enjoys the luxury of sharing my stories uncensored and unfiltered instead of letting them spin around in my head.<\/p>\n<p>I write new-adult\/coming-of-age\/urban-fantasy novels and some reflections on the things that keep me busy. Some are light, some a little heavier\u2014depending on what life throws my way.<\/p>\n<p class=\"translation-block\">If you\u2019ve got questions or suggestions, feel free to reach out through the <a href=\"https:\/\/davidlfarner.com\/en\/kontaktformular-2\/\" target=\"_self\">contact form<\/a> or directly at <a href=\"mailto:david@davidlfarner.com\" target=\"_self\">david@davidlfarner.com<\/a>.<\/p>\n\n\n<p><\/p>","protected":false},"excerpt":{"rendered":"<p>Hey, ich bin David und Self-Publishing-Autor, der sich den Luxus g\u00f6nnt, seine Geschichten unzensiert und unverf\u00e4lscht zu teilen, anstatt sie [&hellip;]<\/p>","protected":false},"author":1,"featured_media":0,"parent":0,"menu_order":0,"comment_status":"closed","ping_status":"closed","template":"","meta":{"site-sidebar-layout":"default","site-content-layout":"","ast-site-content-layout":"default","site-content-style":"default","site-sidebar-style":"default","ast-global-header-display":"","ast-banner-title-visibility":"","ast-main-header-display":"","ast-hfb-above-header-display":"","ast-hfb-below-header-display":"","ast-hfb-mobile-header-display":"","site-post-title":"","ast-breadcrumbs-content":"","ast-featured-img":"","footer-sml-layout":"","theme-transparent-header-meta":"","adv-header-id-meta":"","stick-header-meta":"","header-above-stick-meta":"","header-main-stick-meta":"","header-below-stick-meta":"","astra-migrate-meta-layouts":"default","ast-page-background-enabled":"default","ast-page-background-meta":{"desktop":{"background-color":"var(--ast-global-color-5)","background-image":"","background-repeat":"repeat","background-position":"center center","background-size":"auto","background-attachment":"scroll","background-type":"","background-media":"","overlay-type":"","overlay-color":"","overlay-opacity":"","overlay-gradient":""},"tablet":{"background-color":"","background-image":"","background-repeat":"repeat","background-position":"center center","background-size":"auto","background-attachment":"scroll","background-type":"","background-media":"","overlay-type":"","overlay-color":"","overlay-opacity":"","overlay-gradient":""},"mobile":{"background-color":"","background-image":"","background-repeat":"repeat","background-position":"center center","background-size":"auto","background-attachment":"scroll","background-type":"","background-media":"","overlay-type":"","overlay-color":"","overlay-opacity":"","overlay-gradient":""}},"ast-content-background-meta":{"desktop":{"background-color":"var(--ast-global-color-4)","background-image":"","background-repeat":"repeat","background-position":"center center","background-size":"auto","background-attachment":"scroll","background-type":"","background-media":"","overlay-type":"","overlay-color":"","overlay-opacity":"","overlay-gradient":""},"tablet":{"background-color":"var(--ast-global-color-4)","background-image":"","background-repeat":"repeat","background-position":"center center","background-size":"auto","background-attachment":"scroll","background-type":"","background-media":"","overlay-type":"","overlay-color":"","overlay-opacity":"","overlay-gradient":""},"mobile":{"background-color":"var(--ast-global-color-4)","background-image":"","background-repeat":"repeat","background-position":"center center","background-size":"auto","background-attachment":"scroll","background-type":"","background-media":"","overlay-type":"","overlay-color":"","overlay-opacity":"","overlay-gradient":""}},"iawp_total_views":30,"footnotes":""},"class_list":["post-12","page","type-page","status-publish","hentry"],"yoast_head":"<!-- This site is optimized with the Yoast SEO plugin v26.1.1 - https:\/\/yoast.com\/wordpress\/plugins\/seo\/ -->\n<title>\u00dcber mich - David L. Farner<\/title>\n<meta name=\"robots\" content=\"index, follow, max-snippet:-1, max-image-preview:large, max-video-preview:-1\" \/>\n<link rel=\"canonical\" href=\"https:\/\/davidlfarner.com\/en\/ueber-mich\/\" \/>\n<meta property=\"og:locale\" content=\"en_US\" \/>\n<meta property=\"og:type\" content=\"article\" \/>\n<meta property=\"og:title\" content=\"\u00dcber mich - David L. Farner\" \/>\n<meta property=\"og:description\" content=\"Hey, ich bin David und Self-Publishing-Autor, der sich den Luxus g\u00f6nnt, seine Geschichten unzensiert und unverf\u00e4lscht zu teilen, anstatt sie [&hellip;]\" \/>\n<meta property=\"og:url\" content=\"https:\/\/davidlfarner.com\/en\/ueber-mich\/\" \/>\n<meta property=\"og:site_name\" content=\"David L. Farner\" \/>\n<meta property=\"article:modified_time\" content=\"2025-10-06T17:07:56+00:00\" \/>\n<meta name=\"twitter:card\" content=\"summary_large_image\" \/>\n<meta name=\"twitter:label1\" content=\"Est. reading time\" \/>\n\t<meta name=\"twitter:data1\" content=\"1 minute\" \/>\n<script type=\"application\/ld+json\" class=\"yoast-schema-graph\">{\"@context\":\"https:\/\/schema.org\",\"@graph\":[{\"@type\":\"WebPage\",\"@id\":\"https:\/\/davidlfarner.com\/ueber-mich\/\",\"url\":\"https:\/\/davidlfarner.com\/ueber-mich\/\",\"name\":\"\u00dcber mich - David L. Farner\",\"isPartOf\":{\"@id\":\"https:\/\/davidlfarner.com\/#website\"},\"datePublished\":\"2025-09-04T13:19:29+00:00\",\"dateModified\":\"2025-10-06T17:07:56+00:00\",\"inLanguage\":\"en-US\",\"potentialAction\":[{\"@type\":\"ReadAction\",\"target\":[\"https:\/\/davidlfarner.com\/ueber-mich\/\"]}]},{\"@type\":\"WebSite\",\"@id\":\"https:\/\/davidlfarner.com\/#website\",\"url\":\"https:\/\/davidlfarner.com\/\",\"name\":\"David L. Farner\",\"description\":\"\",\"potentialAction\":[{\"@type\":\"SearchAction\",\"target\":{\"@type\":\"EntryPoint\",\"urlTemplate\":\"https:\/\/davidlfarner.com\/?s={search_term_string}\"},\"query-input\":{\"@type\":\"PropertyValueSpecification\",\"valueRequired\":true,\"valueName\":\"search_term_string\"}}],\"inLanguage\":\"en-US\"}]}<\/script>\n<!-- \/ Yoast SEO plugin. -->","yoast_head_json":{"title":"\u00dcber mich - David L. Farner","robots":{"index":"index","follow":"follow","max-snippet":"max-snippet:-1","max-image-preview":"max-image-preview:large","max-video-preview":"max-video-preview:-1"},"canonical":"https:\/\/davidlfarner.com\/en\/ueber-mich\/","og_locale":"en_US","og_type":"article","og_title":"\u00dcber mich - David L. Farner","og_description":"Hey, ich bin David und Self-Publishing-Autor, der sich den Luxus g\u00f6nnt, seine Geschichten unzensiert und unverf\u00e4lscht zu teilen, anstatt sie [&hellip;]","og_url":"https:\/\/davidlfarner.com\/en\/ueber-mich\/","og_site_name":"David L. Farner","article_modified_time":"2025-10-06T17:07:56+00:00","twitter_card":"summary_large_image","twitter_misc":{"Est. reading time":"1 minute"},"schema":{"@context":"https:\/\/schema.org","@graph":[{"@type":"WebPage","@id":"https:\/\/davidlfarner.com\/ueber-mich\/","url":"https:\/\/davidlfarner.com\/ueber-mich\/","name":"\u00dcber mich - David L. Farner","isPartOf":{"@id":"https:\/\/davidlfarner.com\/#website"},"datePublished":"2025-09-04T13:19:29+00:00","dateModified":"2025-10-06T17:07:56+00:00","inLanguage":"en-US","potentialAction":[{"@type":"ReadAction","target":["https:\/\/davidlfarner.com\/ueber-mich\/"]}]},{"@type":"WebSite","@id":"https:\/\/davidlfarner.com\/#website","url":"https:\/\/davidlfarner.com\/","name":"David L. Farner","description":"","potentialAction":[{"@type":"SearchAction","target":{"@type":"EntryPoint","urlTemplate":"https:\/\/davidlfarner.com\/?s={search_term_string}"},"query-input":{"@type":"PropertyValueSpecification","valueRequired":true,"valueName":"search_term_string"}}],"inLanguage":"en-US"}]}},"_links":{"self":[{"href":"https:\/\/davidlfarner.com\/en\/wp-json\/wp\/v2\/pages\/12","targetHints":{"allow":["GET"]}}],"collection":[{"href":"https:\/\/davidlfarner.com\/en\/wp-json\/wp\/v2\/pages"}],"about":[{"href":"https:\/\/davidlfarner.com\/en\/wp-json\/wp\/v2\/types\/page"}],"author":[{"embeddable":true,"href":"https:\/\/davidlfarner.com\/en\/wp-json\/wp\/v2\/users\/1"}],"replies":[{"embeddable":true,"href":"https:\/\/davidlfarner.com\/en\/wp-json\/wp\/v2\/comments?post=12"}],"version-history":[{"count":8,"href":"https:\/\/davidlfarner.com\/en\/wp-json\/wp\/v2\/pages\/12\/revisions"}],"predecessor-version":[{"id":462,"href":"https:\/\/davidlfarner.com\/en\/wp-json\/wp\/v2\/pages\/12\/revisions\/462"}],"wp:attachment":[{"href":"https:\/\/davidlfarner.com\/en\/wp-json\/wp\/v2\/media?parent=12"}],"curies":[{"name":"wp","href":"https:\/\/api.w.org\/{rel}","templated":true}]}}